{"id":1146,"date":"2023-07-05T09:42:56","date_gmt":"2023-07-05T09:42:56","guid":{"rendered":"http:\/\/espaipractic.com\/politica-de-cookies-ue\/"},"modified":"2023-08-16T09:17:04","modified_gmt":"2023-08-16T09:17:04","slug":"politica-de-cookies-ue","status":"publish","type":"page","link":"https:\/\/espaipractic.com\/fr\/politica-de-cookies-ue\/","title":{"rendered":"Politique relative aux cookies (UE)"},"content":{"rendered":"<!-- Legal document generated by Complianz | GDPR\/CCPA Cookie Consent https:\/\/wordpress.org\/plugins\/complianz-gdpr -->\n<div id=\"cmplz-document\" class=\"cmplz-document cookie-statement cmplz-document-eu\"><p><i>Cette politique de cookies a \u00e9t\u00e9 mise \u00e0 jour pour la derni\u00e8re fois le 16 de ao\u00fbt de 2023 et s\u2019applique aux citoyens et aux r\u00e9sidents permanents l\u00e9gaux de l\u2019Espace \u00c9conomique Europ\u00e9en et de la Suisse.<\/i><br><\/p><h2>1. Introduction<\/h2><p>Notre site Web, <a href=\"https:\/\/espaipractic.com\/fr\">https:\/\/espaipractic.com\/fr<\/a> (ci-apr\u00e8s : \u00ab le site Internet \u00bb) utilise des cookies et autres technologies associ\u00e9es (par souci de simplification, toutes ces technologies sont d\u00e9sign\u00e9es par le terme \u00ab cookies \u00bb). Des cookies sont \u00e9galement plac\u00e9s par des tiers que nous avons engag\u00e9s. Dans le document ci-dessous, nous vous informons de l&#039;utilisation de cookies sur notre site Internet.<\/p><h2>2. Que sont les cookies ?<\/h2><p>Un cookie est un petit fichier simple envoy\u00e9 avec les pages de ce site Internet et stock\u00e9 par votre navigateur sur le disque dur de votre ordinateur ou autre appareil. Les informations qui y sont stock\u00e9es pourront \u00eatre restitu\u00e9es sur nos serveurs ou sur les serveurs des tiers concern\u00e9s lors d&#039;une visite ult\u00e9rieure.<\/p><h2>3. Que sont les scripts ?<\/h2><p>Un script est un \u00e9l\u00e9ment de code utilis\u00e9 pour faire fonctionner notre site Web correctement et de mani\u00e8re interactive. Ce code est ex\u00e9cut\u00e9 sur notre serveur ou sur votre appareil.<\/p><h2>4. Qu&#039;est-ce qu&#039;une balise invisible ?<\/h2><p>Une balise invisible (ou balise Web) est un petit morceau de texte ou d&#039;image invisible sur un site Web, utilis\u00e9 pour suivre le trafic sur un site Web. Pour ce faire, diverses donn\u00e9es vous concernant sont stock\u00e9es \u00e0 l&#039;aide de balises invisibles.<\/p><h2>5. Cookies<\/h2><p class=\"cmplz-subtitle\">5.1 Cookies techniques ou fonctionnels<\/p><p>Certains cookies assurent le bon fonctionnement de certaines parties du site et prennent en compte vos pr\u00e9f\u00e9rences en tant qu&#039;internaute. En pla\u00e7ant des cookies fonctionnels, nous vous facilitons la visite de notre site Web. Ainsi, vous n&#039;avez pas besoin de saisir plusieurs fois les m\u00eames informations lors de votre visite sur notre site internet et, par exemple, les articles restent dans votre panier jusqu&#039;\u00e0 votre paiement. Nous pouvons installer des cookies sans votre consentement.<\/p><p class=\"cmplz-subtitle\">5.2 Cookies statistiques<\/p><p>Nous utilisons des cookies statistiques afin d&#039;optimiser l&#039;exp\u00e9rience des internautes sur notre site Internet. Avec ces cookies statistiques, nous obtenons des informations sur l&#039;utilisation de notre site Web. Nous demandons votre autorisation pour placer des cookies statistiques.<\/p><p class=\"cmplz-subtitle\">5.3 Cookies de marketing\/suivi<\/p><p>Les cookies de marketing\/suivi sont des cookies ou toute autre forme de stockage local, utilis\u00e9s pour cr\u00e9er des profils d&#039;utilisateurs afin d&#039;afficher de la publicit\u00e9 ou de suivre l&#039;utilisateur sur ce site Web ou sur plusieurs sites Web \u00e0 des fins de marketing similaire.<\/p><h2>6. Cookies d\u00e9pos\u00e9s<\/h2><div id=\"cmplz-cookies-overview\"><details class=\"cmplz-dropdown cmplz-service-desc cmplz-dropdown-cookiepolicy\">\n\t<summary class=\"cmplz-service-header\"><div>\n\t\t<h3>\u00c9l\u00e9mentor<\/h3>\n\t\t<p>Statistics (anonymous)<\/p>\n\t\t<label for=\"cmplz_service_elementor\" class=\"cmplz_consent_per_service_label\"><span class=\"screen-reader-text\">Consentement au service \u00e9l\u00e9mentaire<\/span><\/label>\n\t\t<input type=\"checkbox\" id=\"cmplz_service_elementor\" class=\"cmplz-accept-service cmplz-hidden\" data-service=\"elementor\" data-category=\"functional\"><\/div>\n\t<\/summary>\n\t<div class=\"cmplz-service-description\">\n\t\t<h4>Utilisation<\/h4>\n\t\t<p><\/p>\n\t<\/div>\n\t<div class=\"cmplz-sharing-data\">\n\t\t<h4>Partage de donn\u00e9es<\/h4>\n\t\t<p>Ces donn\u00e9es ne sont pas partag\u00e9es avec des tierces parties.<\/p>\n\t<\/div>\n\t<div class=\"cookies-per-purpose\">\n    <div class=\"purpose\"><h4>Statistics (anonymous)<\/h4><\/div>\n    <div class=\"name-header\">\n\t<h5>Nom<\/h5>\n<\/div>\n<div class=\"name\"><a target=\"_blank\" rel=\"noopener noreferrer nofollow\" href=\"https:\/\/cookiedatabase.org\/cookie\/unknown-service\/elementor\/\">\u00e9l\u00e9mentaire<\/a><\/div>\n<div class=\"retention-header\">\n\t<h5>Expiration<\/h5>\n<\/div>\n<div class=\"retention\">persistent<\/div>\n<div class=\"function-header\">\n\t<h5>Fonction<\/h5>\n<\/div>\n<div class=\"function\">Store performed actions on the website<\/div>\n\n<\/div>\n<\/details>\n<details class=\"cmplz-dropdown cmplz-service-desc cmplz-dropdown-cookiepolicy\">\n\t<summary class=\"cmplz-service-header\"><div>\n\t\t<h3>WordPress<\/h3>\n\t\t<p>Functional<\/p>\n\t\t<label for=\"cmplz_service_wordpress\" class=\"cmplz_consent_per_service_label\"><span class=\"screen-reader-text\">Consent to service wordpress<\/span><\/label>\n\t\t<input type=\"checkbox\" id=\"cmplz_service_wordpress\" class=\"cmplz-accept-service cmplz-hidden\" data-service=\"wordpress\" data-category=\"functional\"><\/div>\n\t<\/summary>\n\t<div class=\"cmplz-service-description\">\n\t\t<h4>Utilisation<\/h4>\n\t\t<p><\/p>\n\t<\/div>\n\t<div class=\"cmplz-sharing-data\">\n\t\t<h4>Partage de donn\u00e9es<\/h4>\n\t\t<p>Ces donn\u00e9es ne sont pas partag\u00e9es avec des tierces parties.<\/p>\n\t<\/div>\n\t<div class=\"cookies-per-purpose\">\n    <div class=\"purpose\"><h4>Functional<\/h4><\/div>\n    <div class=\"name-header\">\n\t<h5>Nom<\/h5>\n<\/div>\n<div class=\"name\"><a target=\"_blank\" rel=\"noopener noreferrer nofollow\" href=\"https:\/\/cookiedatabase.org\/cookie\/unknown-service\/wp-settings-time\/\">wp-settings-time-*<\/a><\/div>\n<div class=\"retention-header\">\n\t<h5>Expiration<\/h5>\n<\/div>\n<div class=\"retention\">1 year<\/div>\n<div class=\"function-header\">\n\t<h5>Fonction<\/h5>\n<\/div>\n<div class=\"function\">Store user preferences<\/div>\n<div class=\"name-header\">\n\t<h5>Nom<\/h5>\n<\/div>\n<div class=\"name\"><a target=\"_blank\" rel=\"noopener noreferrer nofollow\" href=\"https:\/\/cookiedatabase.org\/cookie\/unknown-service\/wordpress_logged_in_\/\">wordpress_logged_in_*<\/a><\/div>\n<div class=\"retention-header\">\n\t<h5>Expiration<\/h5>\n<\/div>\n<div class=\"retention\">persistent<\/div>\n<div class=\"function-header\">\n\t<h5>Fonction<\/h5>\n<\/div>\n<div class=\"function\">Store logged in users<\/div>\n<div class=\"name-header\">\n\t<h5>Nom<\/h5>\n<\/div>\n<div class=\"name\"><a target=\"_blank\" rel=\"noopener noreferrer nofollow\" href=\"https:\/\/cookiedatabase.org\/cookie\/unknown-service\/wp-settings\/\">wp-settings-*<\/a><\/div>\n<div class=\"retention-header\">\n\t<h5>Expiration<\/h5>\n<\/div>\n<div class=\"retention\">persistent<\/div>\n<div class=\"function-header\">\n\t<h5>Fonction<\/h5>\n<\/div>\n<div class=\"function\">Store user preferences<\/div>\n\n<\/div>\n<\/details>\n<details class=\"cmplz-dropdown cmplz-service-desc cmplz-dropdown-cookiepolicy\">\n\t<summary class=\"cmplz-service-header\"><div>\n\t\t<h3>Divers<\/h3>\n\t\t<p>Finalit\u00e9 en attente d\u2019enqu\u00eate<\/p>\n\t\t<label for=\"cmplz_service_divers\" class=\"cmplz_consent_per_service_label\"><span class=\"screen-reader-text\">Consent to service divers<\/span><\/label>\n\t\t<input type=\"checkbox\" id=\"cmplz_service_divers\" class=\"cmplz-accept-service cmplz-hidden\" data-service=\"divers\" data-category=\"functional\"><\/div>\n\t<\/summary>\n\t<div class=\"cmplz-service-description\">\n\t\t<h4>Utilisation<\/h4>\n\t\t<p><\/p>\n\t<\/div>\n\t<div class=\"cmplz-sharing-data\">\n\t\t<h4>Partage de donn\u00e9es<\/h4>\n\t\t<p>Le partage des donn\u00e9es est en cours d\u2019enqu\u00eate<\/p>\n\t<\/div>\n\t<div class=\"cookies-per-purpose\">\n    <div class=\"purpose\"><h4>Finalit\u00e9 en attente d\u2019enqu\u00eate<\/h4><\/div>\n    <div class=\"name-header\">\n\t<h5>Nom<\/h5>\n<\/div>\n<div class=\"name\">googlesitekit :: total-notifications<\/div>\n<div class=\"retention-header\">\n\t<h5>Expiration<\/h5>\n<\/div>\n<div class=\"retention\"><\/div>\n<div class=\"function-header\">\n\t<h5>Fonction<\/h5>\n<\/div>\n<div class=\"function\"><\/div>\n<div class=\"name-header\">\n\t<h5>Nom<\/h5>\n<\/div>\n<div class=\"name\">ht_ctc_admin<\/div>\n<div class=\"retention-header\">\n\t<h5>Expiration<\/h5>\n<\/div>\n<div class=\"retention\"><\/div>\n<div class=\"function-header\">\n\t<h5>Fonction<\/h5>\n<\/div>\n<div class=\"function\"><\/div>\n<div class=\"name-header\">\n\t<h5>Nom<\/h5>\n<\/div>\n<div class=\"name\">e_site-editor<\/div>\n<div class=\"retention-header\">\n\t<h5>Expiration<\/h5>\n<\/div>\n<div class=\"retention\"><\/div>\n<div class=\"function-header\">\n\t<h5>Fonction<\/h5>\n<\/div>\n<div class=\"function\"><\/div>\n<div class=\"name-header\">\n\t<h5>Nom<\/h5>\n<\/div>\n<div class=\"name\">e_kit-elements-par d\u00e9faut<\/div>\n<div class=\"retention-header\">\n\t<h5>Expiration<\/h5>\n<\/div>\n<div class=\"retention\"><\/div>\n<div class=\"function-header\">\n\t<h5>Fonction<\/h5>\n<\/div>\n<div class=\"function\"><\/div>\n<div class=\"name-header\">\n\t<h5>Nom<\/h5>\n<\/div>\n<div class=\"name\">seopress_height_module_metabox<\/div>\n<div class=\"retention-header\">\n\t<h5>Expiration<\/h5>\n<\/div>\n<div class=\"retention\"><\/div>\n<div class=\"function-header\">\n\t<h5>Fonction<\/h5>\n<\/div>\n<div class=\"function\"><\/div>\n<div class=\"name-header\">\n\t<h5>Nom<\/h5>\n<\/div>\n<div class=\"name\">wpEmojiSettingsSupports<\/div>\n<div class=\"retention-header\">\n\t<h5>Expiration<\/h5>\n<\/div>\n<div class=\"retention\"><\/div>\n<div class=\"function-header\">\n\t<h5>Fonction<\/h5>\n<\/div>\n<div class=\"function\"><\/div>\n<div class=\"name-header\">\n\t<h5>Nom<\/h5>\n<\/div>\n<div class=\"name\">_gcl_au<\/div>\n<div class=\"retention-header\">\n\t<h5>Expiration<\/h5>\n<\/div>\n<div class=\"retention\"><\/div>\n<div class=\"function-header\">\n\t<h5>Fonction<\/h5>\n<\/div>\n<div class=\"function\"><\/div>\n<div class=\"name-header\">\n\t<h5>Nom<\/h5>\n<\/div>\n<div class=\"name\">cmlz_consented_services<\/div>\n<div class=\"retention-header\">\n\t<h5>Expiration<\/h5>\n<\/div>\n<div class=\"retention\">365 jours<\/div>\n<div class=\"function-header\">\n\t<h5>Fonction<\/h5>\n<\/div>\n<div class=\"function\"><\/div>\n<div class=\"name-header\">\n\t<h5>Nom<\/h5>\n<\/div>\n<div class=\"name\">cmlz_policy_id<\/div>\n<div class=\"retention-header\">\n\t<h5>Expiration<\/h5>\n<\/div>\n<div class=\"retention\">365 jours<\/div>\n<div class=\"function-header\">\n\t<h5>Fonction<\/h5>\n<\/div>\n<div class=\"function\"><\/div>\n<div class=\"name-header\">\n\t<h5>Nom<\/h5>\n<\/div>\n<div class=\"name\">cmlz_marketing<\/div>\n<div class=\"retention-header\">\n\t<h5>Expiration<\/h5>\n<\/div>\n<div class=\"retention\">365 jours<\/div>\n<div class=\"function-header\">\n\t<h5>Fonction<\/h5>\n<\/div>\n<div class=\"function\"><\/div>\n<div class=\"name-header\">\n\t<h5>Nom<\/h5>\n<\/div>\n<div class=\"name\">cmlz_statistiques<\/div>\n<div class=\"retention-header\">\n\t<h5>Expiration<\/h5>\n<\/div>\n<div class=\"retention\">365 jours<\/div>\n<div class=\"function-header\">\n\t<h5>Fonction<\/h5>\n<\/div>\n<div class=\"function\"><\/div>\n<div class=\"name-header\">\n\t<h5>Nom<\/h5>\n<\/div>\n<div class=\"name\">cmmplz_pr\u00e9f\u00e9rences<\/div>\n<div class=\"retention-header\">\n\t<h5>Expiration<\/h5>\n<\/div>\n<div class=\"retention\">365 jours<\/div>\n<div class=\"function-header\">\n\t<h5>Fonction<\/h5>\n<\/div>\n<div class=\"function\"><\/div>\n<div class=\"name-header\">\n\t<h5>Nom<\/h5>\n<\/div>\n<div class=\"name\">cmlz_fonctionnel<\/div>\n<div class=\"retention-header\">\n\t<h5>Expiration<\/h5>\n<\/div>\n<div class=\"retention\">365 jours<\/div>\n<div class=\"function-header\">\n\t<h5>Fonction<\/h5>\n<\/div>\n<div class=\"function\"><\/div>\n<div class=\"name-header\">\n\t<h5>Nom<\/h5>\n<\/div>\n<div class=\"name\">cmplz_banner-statut<\/div>\n<div class=\"retention-header\">\n\t<h5>Expiration<\/h5>\n<\/div>\n<div class=\"retention\">365 jours<\/div>\n<div class=\"function-header\">\n\t<h5>Fonction<\/h5>\n<\/div>\n<div class=\"function\"><\/div>\n<div class=\"name-header\">\n\t<h5>Nom<\/h5>\n<\/div>\n<div class=\"name\">wordpress_test_cookie<\/div>\n<div class=\"retention-header\">\n\t<h5>Expiration<\/h5>\n<\/div>\n<div class=\"retention\"><\/div>\n<div class=\"function-header\">\n\t<h5>Fonction<\/h5>\n<\/div>\n<div class=\"function\"><\/div>\n<div class=\"name-header\">\n\t<h5>Nom<\/h5>\n<\/div>\n<div class=\"name\">_lscache_vary<\/div>\n<div class=\"retention-header\">\n\t<h5>Expiration<\/h5>\n<\/div>\n<div class=\"retention\"><\/div>\n<div class=\"function-header\">\n\t<h5>Fonction<\/h5>\n<\/div>\n<div class=\"function\"><\/div>\n<div class=\"name-header\">\n\t<h5>Nom<\/h5>\n<\/div>\n<div class=\"name\">e_event-tracker<\/div>\n<div class=\"retention-header\">\n\t<h5>Expiration<\/h5>\n<\/div>\n<div class=\"retention\"><\/div>\n<div class=\"function-header\">\n\t<h5>Fonction<\/h5>\n<\/div>\n<div class=\"function\"><\/div>\n<div class=\"name-header\">\n\t<h5>Nom<\/h5>\n<\/div>\n<div class=\"name\">e_biblioth\u00e8que<\/div>\n<div class=\"retention-header\">\n\t<h5>Expiration<\/h5>\n<\/div>\n<div class=\"retention\"><\/div>\n<div class=\"function-header\">\n\t<h5>Fonction<\/h5>\n<\/div>\n<div class=\"function\"><\/div>\n<div class=\"name-header\">\n\t<h5>Nom<\/h5>\n<\/div>\n<div class=\"name\">_ga<\/div>\n<div class=\"retention-header\">\n\t<h5>Expiration<\/h5>\n<\/div>\n<div class=\"retention\"><\/div>\n<div class=\"function-header\">\n\t<h5>Fonction<\/h5>\n<\/div>\n<div class=\"function\"><\/div>\n<div class=\"name-header\">\n\t<h5>Nom<\/h5>\n<\/div>\n<div class=\"name\">_ga_MLGNQR9JDM<\/div>\n<div class=\"retention-header\">\n\t<h5>Expiration<\/h5>\n<\/div>\n<div class=\"retention\"><\/div>\n<div class=\"function-header\">\n\t<h5>Fonction<\/h5>\n<\/div>\n<div class=\"function\"><\/div>\n<div class=\"name-header\">\n\t<h5>Nom<\/h5>\n<\/div>\n<div class=\"name\">mp_150605b3b9f979922f2ac5a52e2dcfe9_mixpanel<\/div>\n<div class=\"retention-header\">\n\t<h5>Expiration<\/h5>\n<\/div>\n<div class=\"retention\"><\/div>\n<div class=\"function-header\">\n\t<h5>Fonction<\/h5>\n<\/div>\n<div class=\"function\"><\/div>\n<div class=\"name-header\">\n\t<h5>Nom<\/h5>\n<\/div>\n<div class=\"name\">e_my_templates_source<\/div>\n<div class=\"retention-header\">\n\t<h5>Expiration<\/h5>\n<\/div>\n<div class=\"retention\"><\/div>\n<div class=\"function-header\">\n\t<h5>Fonction<\/h5>\n<\/div>\n<div class=\"function\"><\/div>\n<div class=\"name-header\">\n\t<h5>Nom<\/h5>\n<\/div>\n<div class=\"name\">mp_gen_new_tab_id_mixpanel_150605b3b9f979922f2ac5a52e2dcfe9<\/div>\n<div class=\"retention-header\">\n\t<h5>Expiration<\/h5>\n<\/div>\n<div class=\"retention\"><\/div>\n<div class=\"function-header\">\n\t<h5>Fonction<\/h5>\n<\/div>\n<div class=\"function\"><\/div>\n<div class=\"name-header\">\n\t<h5>Nom<\/h5>\n<\/div>\n<div class=\"name\">mp_tab_id_mixpanel_150605b3b9f979922f2ac5a52e2dcfe9<\/div>\n<div class=\"retention-header\">\n\t<h5>Expiration<\/h5>\n<\/div>\n<div class=\"retention\"><\/div>\n<div class=\"function-header\">\n\t<h5>Fonction<\/h5>\n<\/div>\n<div class=\"function\"><\/div>\n\n<\/div>\n<\/details>\n<\/div><h2>7. Consentement<\/h2><p>Lorsque vous visitez notre site Web pour la premi\u00e8re fois, nous vous montrerons une fen\u00eatre contextuelle avec une explication sur les cookies. D\u00e8s que vous cliquez sur \u00ab Enregistrer les pr\u00e9f\u00e9rences \u00bb, vous nous autorisez \u00e0 utiliser les cat\u00e9gories de cookies et extensions que vous avez s\u00e9lectionn\u00e9es dans la fen\u00eatre contextuelle, comme d\u00e9crit dans la pr\u00e9sente politique en mati\u00e8re de cookies. Vous pouvez d\u00e9sactiver l&#039;utilisation de cookies via votre navigateur, mais veuillez noter que notre site Internet risque de ne plus fonctionner correctement.<\/p><p class=\"cmplz-subtitle\">7.1 G\u00e9rer vos param\u00e8tres de consentement<\/p><div id=\"cmplz-manage-consent-container-nojavascript\">Vous avez charg\u00e9 la politique de cookies sans le support de javascript.&nbsp;Sur AMP, vous pouvez utiliser l\u2019onglet de gestion du consentement en bas de la page.<\/div><div id=\"cmplz-manage-consent-container\" class=\"cmplz-manage-consent-container\"><\/div><h2>8. L&#039;activation\/la d\u00e9sactivation supprimera les cookies<\/h2><p>Vous pouvez utiliser votre navigateur Internet pour supprimer automatiquement ou manuellement les cookies. Vous pouvez \u00e9galement pr\u00e9ciser que certains cookies ne peuvent pas \u00eatre d\u00e9pos\u00e9s. Une autre option consiste \u00e0 modifier les param\u00e8tres de votre navigateur Internet afin que vous receviez un message \u00e0 chaque fois qu&#039;un cookie est d\u00e9pos\u00e9. Pour plus d&#039;informations sur ces options, reportez-vous aux instructions de la section Aide de votre navigateur.<\/p><p>Veuillez noter que notre site Web peut ne pas fonctionner correctement si tous les cookies sont d\u00e9sactiv\u00e9s. Si vous supprimez les cookies dans votre navigateur, ils seront \u00e0 nouveau plac\u00e9s apr\u00e8s votre consentement lorsque vous revisiterez notre site Web.<\/p><h2>9. Vos droits concernant les donn\u00e9es personnelles<\/h2><p>Vous disposez des droits suivants concernant vos donn\u00e9es personnelles :<\/p><ul>\n                    <li>Vous avez le droit de savoir pourquoi vos donn\u00e9es personnelles sont n\u00e9cessaires, ce qui va leur arriver et combien de temps elles seront conserv\u00e9es.<\/li>\n                    <li>Droit d&#039;acc\u00e8s : vous avez le droit d&#039;acc\u00e9der \u00e0 vos donn\u00e9es personnelles que nous connaissons.<\/li>\n                    <li>Droit de rectification : vous disposez \u00e0 tout moment du droit de compl\u00e9ter, rectifier, supprimer ou bloquer vos donn\u00e9es personnelles.<\/li>\n                    <li>Si vous donnez maintenant votre consentement pour le traitement de vos donn\u00e9es, vous avez le droit de r\u00e9voquer ce consentement et de faire supprimer vos donn\u00e9es personnelles.<\/li>\n                    <li>Droit de transf\u00e9rer vos donn\u00e9es : vous avez le droit de demander toutes vos donn\u00e9es personnelles au responsable du traitement et de les transf\u00e9rer dans leur int\u00e9gralit\u00e9 \u00e0 un autre responsable du traitement.<\/li>\n                    <li>Droit d&#039;opposition : vous pouvez vous opposer au traitement de vos donn\u00e9es. Nous nous y conformerons, sauf si certaines raisons justifient ce traitement.<\/li>\n                <\/ul><p>Pour exercer ces droits, veuillez nous contacter. Veuillez vous r\u00e9f\u00e9rer aux coordonn\u00e9es au bas de cette politique de cookies. Si vous avez une plainte concernant la mani\u00e8re dont nous traitons vos donn\u00e9es, nous souhaitons en \u00eatre inform\u00e9s, mais vous avez \u00e9galement le droit de d\u00e9poser une plainte aupr\u00e8s de l&#039;autorit\u00e9 de protection des donn\u00e9es.<\/p><h2>10. Coordonn\u00e9es<\/h2><p>Pour des questions et\/ou commentaires sur notre politique en mati\u00e8re de cookies et cette d\u00e9claration, veuillez nous contacter aux coordonn\u00e9es suivantes :<\/p><p><span class=\"cmplz-contact-organisation\">Eduard Mart\u00ednez Mart\u00ednez<\/span><br>\n                      <span class=\"cmplz-contact-address\">Croix, 9<br \/>\r\n<\/span><br>\n                      <span class=\"cmplz-contact-country\">Espagne<\/span><br>\n                      <span class=\"cmplz-contact-domain\">Site web: <a href=\"https:\/\/espaipractic.com\/fr\">https:\/\/espaipractic.com\/fr<\/a><\/span><br>\n                      <span class=\"cmplz-contact-email\">E-mail: <span class=\"cmplz-obfuscate\">h&#111;&#108;&#097;@<span class=\"cmplz-fmail-domain\">&#101;x&#046;c&#111;m<\/span>&#101;sp&#097;ip&#114;a&#099;&#116;i&#099;.&#099;&#111;m<\/span><\/span><br>\n                    <span class=\"cmplz-contact-telephone\">Num\u00e9ro de t\u00e9l\u00e9phone : 623457369<\/span><\/p><p>Cette politique de cookies a \u00e9t\u00e9 synchronis\u00e9e avec <a href=\"https:\/\/cookiedatabase.org\/\" target=\"_blank\">cookiedatabase.org<\/a> le 5 de juillet de 2023.<\/p><\/div>","protected":false},"excerpt":{"rendered":"","protected":false},"author":1,"featured_media":0,"parent":0,"menu_order":0,"comment_status":"closed","ping_status":"closed","template":"elementor_header_footer","meta":{"footnotes":""},"class_list":["post-1146","page","type-page","status-publish","hentry"],"_links":{"self":[{"href":"https:\/\/espaipractic.com\/fr\/wp-json\/wp\/v2\/pages\/1146","targetHints":{"allow":["GET"]}}],"collection":[{"href":"https:\/\/espaipractic.com\/fr\/wp-json\/wp\/v2\/pages"}],"about":[{"href":"https:\/\/espaipractic.com\/fr\/wp-json\/wp\/v2\/types\/page"}],"author":[{"embeddable":true,"href":"https:\/\/espaipractic.com\/fr\/wp-json\/wp\/v2\/users\/1"}],"replies":[{"embeddable":true,"href":"https:\/\/espaipractic.com\/fr\/wp-json\/wp\/v2\/comments?post=1146"}],"version-history":[{"count":0,"href":"https:\/\/espaipractic.com\/fr\/wp-json\/wp\/v2\/pages\/1146\/revisions"}],"wp:attachment":[{"href":"https:\/\/espaipractic.com\/fr\/wp-json\/wp\/v2\/media?parent=1146"}],"curies":[{"name":"wp","href":"https:\/\/api.w.org\/{rel}","templated":true}]}}