{"id":1114,"date":"2023-07-05T07:59:30","date_gmt":"2023-07-05T07:59:30","guid":{"rendered":"http:\/\/espaipractic.com\/?page_id=1114"},"modified":"2023-08-16T09:16:53","modified_gmt":"2023-08-16T09:16:53","slug":"descarga-responsabilitat","status":"publish","type":"page","link":"https:\/\/espaipractic.com\/fr\/descarga-responsabilitat\/","title":{"rendered":"D\u00e9charge de responsabilit\u00e9"},"content":{"rendered":"<div data-elementor-type=\"wp-page\" data-elementor-id=\"1114\" class=\"elementor elementor-1114\" data-elementor-post-type=\"page\">\n\t\t\t\t<div class=\"elementor-element elementor-element-25ae230a e-flex e-con-boxed wpr-particle-no wpr-jarallax-no wpr-parallax-no wpr-sticky-section-no e-con e-parent\" data-id=\"25ae230a\" data-element_type=\"container\" data-e-type=\"container\">\n\t\t\t\t\t<div class=\"e-con-inner\">\n\t\t<div class=\"elementor-element elementor-element-4d1bf6c3 e-con-full e-flex wpr-particle-no wpr-jarallax-no wpr-parallax-no wpr-sticky-section-no e-con e-child\" data-id=\"4d1bf6c3\" data-element_type=\"container\" data-e-type=\"container\">\n\t\t\t\t<div class=\"elementor-element elementor-element-41ca972 elementor-widget elementor-widget-heading\" data-id=\"41ca972\" data-element_type=\"widget\" data-e-type=\"widget\" data-widget_type=\"heading.default\">\n\t\t\t\t<div class=\"elementor-widget-container\">\n\t\t\t\t\t<h2 class=\"elementor-heading-title elementor-size-default\">D\u00c9CHARGE DE RESPONSABILIT\u00c9<\/h2>\t\t\t\t<\/div>\n\t\t\t\t<\/div>\n\t\t\t\t<div class=\"elementor-element elementor-element-b002af9 elementor-widget elementor-widget-text-editor\" data-id=\"b002af9\" data-element_type=\"widget\" data-e-type=\"widget\" data-widget_type=\"text-editor.default\">\n\t\t\t\t<div class=\"elementor-widget-container\">\n\t\t\t\t\t\t\t\t\t<p><strong>1. Informations g\u00e9n\u00e9rales<br \/><\/strong><br \/>Cette clause de non-responsabilit\u00e9 (ci-apr\u00e8s, la \u00ab\u00a0Clause de non-responsabilit\u00e9\u00a0\u00bb) s&#039;applique au site Web www.espaipractic.com (ci-apr\u00e8s, \u00ab\u00a0le site Web\u00a0\u00bb) propri\u00e9t\u00e9 de<strong>Eduard Mart\u00ednez Mart\u00ednez<\/strong>, avec NIF <strong>40463242D<\/strong>, adresse c\/la Creu 9, 17490 Llan\u00e7\u00e0 (Girona), email de contact : hola@espaipractic.com et num\u00e9ro de portable :<strong> 623 457 369<\/strong>.<\/p><p><strong>2. Contenu du site Internet<br \/><\/strong><br \/>Les informations fournies sur le site Web sont fournies uniquement \u00e0 des fins d\u2019information et d\u2019\u00e9ducation g\u00e9n\u00e9rales. Bien que tous les efforts soient faits pour garantir que les informations fournies sur ce site Web sont exactes, les informations peuvent devenir obsol\u00e8tes ou contenir des erreurs ou des inexactitudes. <strong>Eduard Mart\u00ednez Mart\u00ednez<\/strong> n&#039;assume aucune responsabilit\u00e9 pour toute erreur ou omission dans le contenu de ce site Web.<\/p><p><strong>3. Conseils professionnels<br \/><\/strong><br \/>Les informations fournies sur le Site Internet ne visent pas \u00e0 remplacer les conseils d&#039;un professionnel. Les utilisateurs du site Web ne doivent pas agir ou s&#039;abstenir d&#039;agir sur la base des informations contenues dans le site Web sans demander l&#039;avis d&#039;un professionnel.<\/p><p><strong>4. Liens vers des sites Web tiers<br \/><\/strong><br \/>Ce site Web peut contenir des liens vers des sites Web de tiers. <strong>Eduard Mart\u00ednez Mart\u00ednez<\/strong> n&#039;assume aucune responsabilit\u00e9 quant au contenu, \u00e0 l&#039;exactitude ou aux opinions exprim\u00e9es sur ces sites Web, et ces sites Web ne font pas l&#039;objet d&#039;une enqu\u00eate, d&#039;un contr\u00f4le ou d&#039;une v\u00e9rification de notre part quant \u00e0 leur exactitude ou leur exhaustivit\u00e9.<\/p><p><strong>5. Exclusion de responsabilit\u00e9<br \/><\/strong><br \/>Dans aucun cas <strong>Eduard Mart\u00ednez Mart\u00ednez<\/strong> sera responsable envers tout utilisateur de tout dommage, perte, r\u00e9clamation ou co\u00fbt, y compris, sans limitation, la perte de profits, les pertes indirectes ou cons\u00e9cutives, ou tout dommage r\u00e9sultant d&#039;une perte de donn\u00e9es ou d&#039;une interruption d&#039;activit\u00e9, r\u00e9sultant de l&#039;utilisation ou de l&#039;impossibilit\u00e9 d&#039;utiliser ce site. Site Web ou tout lien tiers, ou tout contenu publi\u00e9 sur le site Web ou tout site Web li\u00e9, que ce soit par garantie, contrat, d\u00e9lit, responsabilit\u00e9 stricte ou autre, bien que <strong>Eduard Mart\u00ednez Mart\u00ednez<\/strong> a \u00e9t\u00e9 averti de la possibilit\u00e9 de tels dommages.<\/p><p><strong>6. **Modification**<br \/><\/strong><br \/><strong>Eduard Mart\u00ednez Mart\u00ednez<\/strong> se r\u00e9serve le droit de modifier les termes et conditions de t\u00e9l\u00e9chargement \u00e0 sa discr\u00e9tion et sans pr\u00e9avis. Les modifications apport\u00e9es au t\u00e9l\u00e9chargement prendront effet d\u00e8s leur publication sur le site Web.<\/p><p>Date de la derni\u00e8re mise \u00e0 jour\u00a0: <strong>05\/07\/2023<\/strong><\/p>\t\t\t\t\t\t\t\t<\/div>\n\t\t\t\t<\/div>\n\t\t\t\t<\/div>\n\t\t\t\t\t<\/div>\n\t\t\t\t<\/div>\n\t\t\t\t<\/div>","protected":false},"excerpt":{"rendered":"<p>DESC\u00c0RREGA DE RESPONSABILITAT 1. Informaci\u00f3 GeneralEl present desc\u00e0rrec de responsabilitat (d&#8217;ara endavant, el &#8220;Desc\u00e0rrec&#8221;) aplica per al lloc web www.espaipractic.com (d&#8217;ara endavant, &#8220;el Lloc Web&#8221;) propietat d&#8216;Eduard Mart\u00ednez Mart\u00ednez, amb NIF 40463242D, adre\u00e7a c\/la Creu 9, 17490 Llan\u00e7\u00e0 (Girona), correu electr\u00f2nic de contacte: hola@espaipractic.com, i n\u00famero de m\u00f2bil: 623 457 369. 2. Contingut del Lloc WebLa informaci\u00f3 proporcionada en el Lloc Web s&#8217;ofereix nom\u00e9s amb fins informatius i educatius generals. Encara que es fa tot el possible per garantir que la informaci\u00f3 proporcionada en aquest Lloc Web sigui precisa, la informaci\u00f3 pot esdevenir obsoleta o pot contenir errors o imprecisions. Eduard Mart\u00ednez Mart\u00ednez no assumeix cap responsabilitat per qualsevol error o omissi\u00f3 en el contingut d&#8217;aquest Lloc Web. 3. Assessorament ProfessionalLa informaci\u00f3 proporcionada en el Lloc Web no pret\u00e9n reempla\u00e7ar l&#8217;assessorament professional. Els usuaris del Lloc Web no han d&#8217;actuar o abstenir-se d&#8217;actuar basant-se en la informaci\u00f3 del Lloc Web sense buscar assessorament professional. 4. Enlla\u00e7os a Llocs Web de TercersAquest Lloc Web pot contenir enlla\u00e7os a llocs web de tercers. Eduard Mart\u00ednez Mart\u00ednez no assumeix responsabilitat pel contingut, la precisi\u00f3 o les opinions expressades en aquests llocs web, i aquests llocs web no estan investigats, monitoritzats ni verificats per nosaltres quant a la seva exactitud o integritat. 5. Exclusi\u00f3 de ResponsabilitatEn cap cas Eduard Mart\u00ednez Mart\u00ednez ser\u00e0 responsable davant qualsevol usuari per qualsevol dany, p\u00e8rdua, reclamaci\u00f3 o cost incl\u00f2s, sense limitaci\u00f3, les p\u00e8rdues de beneficis, les p\u00e8rdues indirectes o les p\u00e8rdues conseq\u00fcents, o qualsevol dany resultant de la p\u00e8rdua de dades o interrupci\u00f3 del negoci, derivat de l&#8217;\u00fas o la impossibilitat d&#8217;usar aquest Lloc Web o qualsevol enlla\u00e7 de tercers, o qualsevol contingut publicat en el Lloc Web o qualsevol lloc web vinculat, ja sigui per garantia, contracte, delicte, responsabilitat estricta o d&#8217;altre tipus, encara que Eduard Mart\u00ednez Mart\u00ednez hagi estat advertit de la possibilitat d&#8217;aquests danys. 6. **Modificaci\u00f3**Eduard Mart\u00ednez Mart\u00ednez es reserva el dret de modificar els termes i condicions del Desc\u00e0rrec a la seva discreci\u00f3 i sense av\u00eds previ. Els canvis en el Desc\u00e0rrec entraran en vigor quan es publiquin en el Lloc Web. Data de l&#8217;\u00faltima actualitzaci\u00f3: 05\/07\/2023<\/p>","protected":false},"author":1,"featured_media":0,"parent":0,"menu_order":0,"comment_status":"closed","ping_status":"closed","template":"elementor_header_footer","meta":{"footnotes":""},"class_list":["post-1114","page","type-page","status-publish","hentry"],"_links":{"self":[{"href":"https:\/\/espaipractic.com\/fr\/wp-json\/wp\/v2\/pages\/1114","targetHints":{"allow":["GET"]}}],"collection":[{"href":"https:\/\/espaipractic.com\/fr\/wp-json\/wp\/v2\/pages"}],"about":[{"href":"https:\/\/espaipractic.com\/fr\/wp-json\/wp\/v2\/types\/page"}],"author":[{"embeddable":true,"href":"https:\/\/espaipractic.com\/fr\/wp-json\/wp\/v2\/users\/1"}],"replies":[{"embeddable":true,"href":"https:\/\/espaipractic.com\/fr\/wp-json\/wp\/v2\/comments?post=1114"}],"version-history":[{"count":0,"href":"https:\/\/espaipractic.com\/fr\/wp-json\/wp\/v2\/pages\/1114\/revisions"}],"wp:attachment":[{"href":"https:\/\/espaipractic.com\/fr\/wp-json\/wp\/v2\/media?parent=1114"}],"curies":[{"name":"wp","href":"https:\/\/api.w.org\/{rel}","templated":true}]}}