{"id":1097,"date":"2023-07-04T15:43:39","date_gmt":"2023-07-04T15:43:39","guid":{"rendered":"http:\/\/espaipractic.com\/?page_id=1097"},"modified":"2023-08-16T09:16:58","modified_gmt":"2023-08-16T09:16:58","slug":"avis-legal","status":"publish","type":"page","link":"https:\/\/espaipractic.com\/fr\/avis-legal\/","title":{"rendered":"Avertissement l\u00e9gal"},"content":{"rendered":"<div data-elementor-type=\"wp-page\" data-elementor-id=\"1097\" class=\"elementor elementor-1097\" data-elementor-post-type=\"page\">\n\t\t\t\t<div class=\"elementor-element elementor-element-d6b6d9f e-flex e-con-boxed wpr-particle-no wpr-jarallax-no wpr-parallax-no wpr-sticky-section-no wpr-equal-height-no e-con e-parent\" data-id=\"d6b6d9f\" data-element_type=\"container\" data-e-type=\"container\">\n\t\t\t\t\t<div class=\"e-con-inner\">\n\t\t\t\t<div class=\"elementor-element elementor-element-048685d elementor-widget elementor-widget-heading\" data-id=\"048685d\" data-element_type=\"widget\" data-e-type=\"widget\" data-widget_type=\"heading.default\">\n\t\t\t\t<div class=\"elementor-widget-container\">\n\t\t\t\t\t<h2 class=\"elementor-heading-title elementor-size-default\">Avertissement l\u00e9gal<\/h2>\t\t\t\t<\/div>\n\t\t\t\t<\/div>\n\t\t\t\t<div class=\"elementor-element elementor-element-2a8cb6d elementor-widget elementor-widget-text-editor\" data-id=\"2a8cb6d\" data-element_type=\"widget\" data-e-type=\"widget\" data-widget_type=\"text-editor.default\">\n\t\t\t\t<div class=\"elementor-widget-container\">\n\t\t\t\t\t\t\t\t\t<p>La pr\u00e9sente notice l\u00e9gale (ci-apr\u00e8s, la \u00ab Mention L\u00e9gale \u00bb) r\u00e9git l&#039;utilisation du site Internet www.espaipractic.com (ci-apr\u00e8s, \u00ab le Site Internet \u00bb) de<b>Eduard Mart\u00ednez Mart\u00ednez<\/b>, avec NIF 40463242D, adresse c\/la Creu 9, 17490 Llan\u00e7\u00e0 (Girona), email de contact : hola@espaipractic.com et num\u00e9ro de portable : 623 457 369.<\/p><p>\u00a0<\/p><p><strong>**L\u00c9GISLATION**<\/strong><\/p><p>\u00a0<\/p><p>D&#039;une mani\u00e8re g\u00e9n\u00e9rale, les relations entre <b>Eduard Mart\u00ednez Mart\u00ednez<\/b> avec les utilisateurs de ses services t\u00e9l\u00e9matiques, pr\u00e9sents sur ce site Web, sont soumis \u00e0 la l\u00e9gislation et \u00e0 la juridiction espagnole.<\/p><p>\u00a0<\/p><p><strong>**UTILISATION ET ACC\u00c8S DES UTILISATEURS**<\/strong><\/p><p>\u00a0<\/p><p>L&#039;Utilisateur est inform\u00e9 et accepte que l&#039;acc\u00e8s \u00e0 ce site Internet n&#039;implique en aucun cas le d\u00e9but d&#039;une relation commerciale avec <b>Eduard Mart\u00ednez Mart\u00ednez<\/b>.<\/p><p>\u00a0<\/p><p><strong>**PROPRI\u00c9T\u00c9 INTELLECTUELLE ET INDUSTRIELLE**<\/strong><\/p><p>\u00a0<\/p><p>Les droits de propri\u00e9t\u00e9 intellectuelle sur le contenu des pages Web, leur conception graphique et leurs codes sont la propri\u00e9t\u00e9 de<b>Eduard Mart\u00ednez Mart\u00ednez<\/b> et, par cons\u00e9quent, sa reproduction, distribution, communication publique, transformation ou toute autre activit\u00e9 pouvant \u00eatre r\u00e9alis\u00e9e avec le contenu de ses pages Web est interdite, m\u00eame en citant les sources, sauf avec le consentement \u00e9crit de<b>Eduard Mart\u00ednez Mart\u00ednez<\/b>.<\/p><p>\u00a0<\/p><p><strong>**CONTENU DU SITE WEB ET LIENS**<\/strong><\/p><p>\u00a0<\/p><p><b>Eduard Mart\u00ednez Mart\u00ednez<\/b> se r\u00e9serve le droit de mettre \u00e0 jour, de modifier ou de supprimer les informations contenues dans ses pages Web et peut m\u00eame limiter ou refuser l&#039;acc\u00e8s \u00e0 ces informations \u00e0 certains utilisateurs.<\/p><p>\u00a0<\/p><p><b>Eduard Mart\u00ednez Mart\u00ednez<\/b> n&#039;assume aucune responsabilit\u00e9 pour les informations contenues dans les pages Web de tiers accessibles par des \u00ab\u00a0liens\u00a0\u00bb ou des liens provenant de toute page Web appartenant \u00e0<b>Eduard Mart\u00ednez Mart\u00ednez<\/b>. La pr\u00e9sence de \u00ab liens \u00bb sur les pages web de<b>Eduard Mart\u00ednez Mart\u00ednez<\/b> il a un but purement informatif et ne constitue en aucun cas une suggestion, une invitation ou une recommandation \u00e0 leur sujet.<\/p><p>\u00a0<\/p><p><strong>**POLITIQUE DE CONFIDENTIALIT\u00c9**<\/strong><\/p><p>\u00a0<\/p><p>Pour plus de d\u00e9tails sur la fa\u00e7on <b>Eduard Mart\u00ednez Mart\u00ednez<\/b> collecter, utiliser et prot\u00e9ger vos donn\u00e9es personnelles, consultez notre Politique de confidentialit\u00e9.<\/p><p>\u00a0<\/p><p><strong>**POLITIQUE DE COOKIES**<\/strong><\/p><p>\u00a0<\/p><p>Pour plus de d\u00e9tails sur la fa\u00e7on <b>Eduard Mart\u00ednez Mart\u00ednez<\/b> utilise des cookies, consultez notre Politique de Cookies.<\/p><p>\u00a0<\/p><p><strong>**COORDONN\u00c9ES**<\/strong><\/p><p>\u00a0<\/p><p>Pour toute pr\u00e9cision sur ces conditions l\u00e9gales, vous pouvez nous contacter \u00e0 l&#039;adresse email <strong>hola@espaipractic.com<\/strong>.<\/p><p>\u00a0<\/p><p>Date de la derni\u00e8re mise \u00e0 jour\u00a0: <strong>04\/07\/2023<\/strong><\/p>\t\t\t\t\t\t\t\t<\/div>\n\t\t\t\t<\/div>\n\t\t\t\t\t<\/div>\n\t\t\t\t<\/div>\n\t\t\t\t<\/div>","protected":false},"excerpt":{"rendered":"<p>Av\u00eds legal El present av\u00eds legal (d&#8217;ara endavant, l&#8217;&#8221;Av\u00eds Legal&#8221;) regula l&#8217;\u00fas del lloc web www.espaipractic.com (d&#8217;ara endavant, &#8220;el Lloc Web&#8221;) d&#8217;Eduard Mart\u00ednez Mart\u00ednez, amb NIF 40463242D, adre\u00e7a c\/la Creu 9, 17490 Llan\u00e7\u00e0 (Girona), correu electr\u00f2nic de contacte: hola@espaipractic.com, i n\u00famero de m\u00f2bil: 623 457 369. \u00a0 **LEGISLACI\u00d3** \u00a0 Amb car\u00e0cter general les relacions entre Eduard Mart\u00ednez Mart\u00ednez amb els Usuaris dels seus serveis telem\u00e0tics, presents en aquest Lloc Web, es troben sotmeses a la legislaci\u00f3 i jurisdicci\u00f3 espanyoles. \u00a0 **\u00daS I ACC\u00c9S D&#8217;USUARIS** \u00a0 L&#8217;Usuari queda informat, i accepta, que l&#8217;acc\u00e9s a la present web no suposa, en cap cas, l&#8217;inici d&#8217;una relaci\u00f3 comercial amb Eduard Mart\u00ednez Mart\u00ednez. \u00a0 **PROPIETAT INTEL\u00b7LECTUAL I INDUSTRIAL** \u00a0 Els drets de propietat intel\u00b7lectual del contingut de les p\u00e0gines web, el seu disseny gr\u00e0fic i codis s\u00f3n titularitat d&#8217;Eduard Mart\u00ednez Mart\u00ednez i, per tant, queda prohibida la seva reproducci\u00f3, distribuci\u00f3, comunicaci\u00f3 p\u00fablica, transformaci\u00f3 o qualsevol altra activitat que es pugui realitzar amb els continguts de les seves p\u00e0gines web ni encara citant les fonts, excepte consentiment per escrit d&#8217;Eduard Mart\u00ednez Mart\u00ednez. \u00a0 **CONTINGUT DE LA WEB I ENLLA\u00c7OS (LINKS)** \u00a0 Eduard Mart\u00ednez Mart\u00ednez es reserva el dret a actualitzar, modificar o eliminar la informaci\u00f3 continguda en les seves p\u00e0gines web podent incl\u00fas limitar o no permetre l&#8217;acc\u00e9s a aquesta informaci\u00f3 a certs usuaris. \u00a0 Eduard Mart\u00ednez Mart\u00ednez no assumeix responsabilitat alguna per la informaci\u00f3 continguda en p\u00e0gines web de tercers a les que es pugui accedir per &#8220;links&#8221; o enlla\u00e7os des de qualsevol p\u00e0gina web propietat d&#8217;Eduard Mart\u00ednez Mart\u00ednez. La pres\u00e8ncia de &#8220;links&#8221; o enlla\u00e7os en les p\u00e0gines web d&#8217;Eduard Mart\u00ednez Mart\u00ednez t\u00e9 finalitat merament informativa i en cap cas suposa suggeriment, invitaci\u00f3 o recomanaci\u00f3 sobre els mateixos. \u00a0 **POL\u00cdTICA DE PRIVACITAT** \u00a0 Per a m\u00e9s detalls sobre com Eduard Mart\u00ednez Mart\u00ednez recopila, utilitza i protegeix les seves dades personals, consulti la nostra Pol\u00edtica de Privacitat. \u00a0 **POL\u00cdTICA DE COOKIES** \u00a0 Per a m\u00e9s detalls sobre com Eduard Mart\u00ednez Mart\u00ednez utilitza les cookies, consulti la nostra Pol\u00edtica de Cookies. \u00a0 **INFORMACI\u00d3 DE CONTACTE** \u00a0 Per a qualsevol aclariment sobre aquestes condicions legals, pot posar-se\u00a0en contacte amb nosaltres a l&#8217;adre\u00e7a de correu electr\u00f2nic hola@espaipractic.com. \u00a0 Data de l&#8217;\u00faltima actualitzaci\u00f3: 04\/07\/2023<\/p>","protected":false},"author":1,"featured_media":0,"parent":0,"menu_order":0,"comment_status":"closed","ping_status":"closed","template":"elementor_header_footer","meta":{"footnotes":""},"class_list":["post-1097","page","type-page","status-publish","hentry"],"_links":{"self":[{"href":"https:\/\/espaipractic.com\/fr\/wp-json\/wp\/v2\/pages\/1097","targetHints":{"allow":["GET"]}}],"collection":[{"href":"https:\/\/espaipractic.com\/fr\/wp-json\/wp\/v2\/pages"}],"about":[{"href":"https:\/\/espaipractic.com\/fr\/wp-json\/wp\/v2\/types\/page"}],"author":[{"embeddable":true,"href":"https:\/\/espaipractic.com\/fr\/wp-json\/wp\/v2\/users\/1"}],"replies":[{"embeddable":true,"href":"https:\/\/espaipractic.com\/fr\/wp-json\/wp\/v2\/comments?post=1097"}],"version-history":[{"count":0,"href":"https:\/\/espaipractic.com\/fr\/wp-json\/wp\/v2\/pages\/1097\/revisions"}],"wp:attachment":[{"href":"https:\/\/espaipractic.com\/fr\/wp-json\/wp\/v2\/media?parent=1097"}],"curies":[{"name":"wp","href":"https:\/\/api.w.org\/{rel}","templated":true}]}}