{"id":1114,"date":"2023-07-05T07:59:30","date_gmt":"2023-07-05T07:59:30","guid":{"rendered":"http:\/\/espaipractic.com\/?page_id=1114"},"modified":"2023-08-16T09:16:53","modified_gmt":"2023-08-16T09:16:53","slug":"descarga-responsabilitat","status":"publish","type":"page","link":"https:\/\/espaipractic.com\/es\/descarga-responsabilitat\/","title":{"rendered":"Descarga de responsabilidad"},"content":{"rendered":"<div data-elementor-type=\"wp-page\" data-elementor-id=\"1114\" class=\"elementor elementor-1114\" data-elementor-post-type=\"page\">\n\t\t\t\t<div class=\"elementor-element elementor-element-25ae230a e-flex e-con-boxed wpr-particle-no wpr-jarallax-no wpr-parallax-no wpr-sticky-section-no wpr-equal-height-no e-con e-parent\" data-id=\"25ae230a\" data-element_type=\"container\" data-e-type=\"container\">\n\t\t\t\t\t<div class=\"e-con-inner\">\n\t\t<div class=\"elementor-element elementor-element-4d1bf6c3 e-con-full e-flex wpr-particle-no wpr-jarallax-no wpr-parallax-no wpr-sticky-section-no wpr-equal-height-no e-con e-child\" data-id=\"4d1bf6c3\" data-element_type=\"container\" data-e-type=\"container\">\n\t\t\t\t<div class=\"elementor-element elementor-element-41ca972 elementor-widget elementor-widget-heading\" data-id=\"41ca972\" data-element_type=\"widget\" data-e-type=\"widget\" data-widget_type=\"heading.default\">\n\t\t\t\t<div class=\"elementor-widget-container\">\n\t\t\t\t\t<h2 class=\"elementor-heading-title elementor-size-default\">DESCARGA DE RESPONSABILIDAD<\/h2>\t\t\t\t<\/div>\n\t\t\t\t<\/div>\n\t\t\t\t<div class=\"elementor-element elementor-element-b002af9 elementor-widget elementor-widget-text-editor\" data-id=\"b002af9\" data-element_type=\"widget\" data-e-type=\"widget\" data-widget_type=\"text-editor.default\">\n\t\t\t\t<div class=\"elementor-widget-container\">\n\t\t\t\t\t\t\t\t\t<p><strong>1. Informaci\u00f3n General<br \/><\/strong><br \/>El presente descargo de responsabilidad (en adelante, el \u201cDescargo\u201d) aplica para el sitio web www.espaipractic.com (en adelante, \u201cel Sitio Web\u201d) propiedad de<strong>&#039;Eduard Mart\u00ednez Mart\u00ednez<\/strong>, con NIF <strong>40463242D<\/strong>, direcci\u00f3n c\/la Cruz 9, 17490 Llan\u00e7\u00e0 (Girona), correo electr\u00f3nico de contacto: hola@espaipractic.com, y n\u00famero de m\u00f3vil:<strong> 623 457 369<\/strong>.<\/p><p><strong>2. Contenido del Sitio Web<br \/><\/strong><br \/>La informaci\u00f3n proporcionada en el Sitio Web se ofrece s\u00f3lo con fines informativos y educativos generales. Aunque se hace todo lo posible para garantizar que la informaci\u00f3n proporcionada en este Sitio Web sea precisa, la informaci\u00f3n puede convertirse en obsoleta o puede contener errores o imprecisiones. <strong>Eduard Mart\u00ednez Mart\u00ednez<\/strong> no asume ninguna responsabilidad por cualquier error u omisi\u00f3n en el contenido de este Sitio Web.<\/p><p><strong>3. Asesoramiento Profesional<br \/><\/strong><br \/>La informaci\u00f3n proporcionada en el Sitio Web no pretende reemplazar al asesoramiento profesional. Los usuarios del Sitio Web no deben actuar o abstenerse de actuar bas\u00e1ndose en la informaci\u00f3n del Sitio Web sin buscar asesoramiento profesional.<\/p><p><strong>4. Enlaces a Sitios Web de Terceros<br \/><\/strong><br \/>Este sitio Web puede contener enlaces a sitios web de terceros. <strong>Eduard Mart\u00ednez Mart\u00ednez<\/strong> no asume responsabilidad por el contenido, la precisi\u00f3n o las opiniones expresadas en estos sitios web, y estos sitios web no est\u00e1n investigados, monitorizados ni verificados por nosotros en cuanto a su exactitud o integridad.<\/p><p><strong>5. Exclusi\u00f3n de Responsabilidad<br \/><\/strong><br \/>En ning\u00fan caso <strong>Eduard Mart\u00ednez Mart\u00ednez<\/strong> ser\u00e1 responsable ante cualquier usuario por cualquier da\u00f1o, p\u00e9rdida, reclamaci\u00f3n o coste incluido, sin limitaci\u00f3n, las p\u00e9rdidas de beneficios, las p\u00e9rdidas indirectas o las p\u00e9rdidas consecuentes, o cualquier da\u00f1o resultante de la p\u00e9rdida de datos o interrupci\u00f3n del negocio, derivado del uso o la imposibilidad de usar este Sitio Web o cualquier enlace de terceros, o cualquier contenido publicado en el Sitio Web o cualquier sitio web vinculado, ya sea por garant\u00eda, contrato, delito, responsabilidad estricta o de otro tipo, aunque <strong>Eduard Mart\u00ednez Mart\u00ednez<\/strong> haya sido advertido de la posibilidad de estos da\u00f1os.<\/p><p><strong>6. **Modificaci\u00f3n**<br \/><\/strong><br \/><strong>Eduard Mart\u00ednez Mart\u00ednez<\/strong> se reserva el derecho de modificar los t\u00e9rminos y condiciones del Descargo a su discreci\u00f3n y sin previo aviso. Los cambios en el Descargo entrar\u00e1n en vigor cuando se publiquen en el Sitio Web.<\/p><p>Fecha de la \u00faltima actualizaci\u00f3n: <strong>05\/07\/2023<\/strong><\/p>\t\t\t\t\t\t\t\t<\/div>\n\t\t\t\t<\/div>\n\t\t\t\t<\/div>\n\t\t\t\t\t<\/div>\n\t\t\t\t<\/div>\n\t\t\t\t<\/div>","protected":false},"excerpt":{"rendered":"<p>DESC\u00c0RREGA DE RESPONSABILITAT 1. Informaci\u00f3 GeneralEl present desc\u00e0rrec de responsabilitat (d&#8217;ara endavant, el &#8220;Desc\u00e0rrec&#8221;) aplica per al lloc web www.espaipractic.com (d&#8217;ara endavant, &#8220;el Lloc Web&#8221;) propietat d&#8216;Eduard Mart\u00ednez Mart\u00ednez, amb NIF 40463242D, adre\u00e7a c\/la Creu 9, 17490 Llan\u00e7\u00e0 (Girona), correu electr\u00f2nic de contacte: hola@espaipractic.com, i n\u00famero de m\u00f2bil: 623 457 369. 2. Contingut del Lloc WebLa informaci\u00f3 proporcionada en el Lloc Web s&#8217;ofereix nom\u00e9s amb fins informatius i educatius generals. Encara que es fa tot el possible per garantir que la informaci\u00f3 proporcionada en aquest Lloc Web sigui precisa, la informaci\u00f3 pot esdevenir obsoleta o pot contenir errors o imprecisions. Eduard Mart\u00ednez Mart\u00ednez no assumeix cap responsabilitat per qualsevol error o omissi\u00f3 en el contingut d&#8217;aquest Lloc Web. 3. Assessorament ProfessionalLa informaci\u00f3 proporcionada en el Lloc Web no pret\u00e9n reempla\u00e7ar l&#8217;assessorament professional. Els usuaris del Lloc Web no han d&#8217;actuar o abstenir-se d&#8217;actuar basant-se en la informaci\u00f3 del Lloc Web sense buscar assessorament professional. 4. Enlla\u00e7os a Llocs Web de TercersAquest Lloc Web pot contenir enlla\u00e7os a llocs web de tercers. Eduard Mart\u00ednez Mart\u00ednez no assumeix responsabilitat pel contingut, la precisi\u00f3 o les opinions expressades en aquests llocs web, i aquests llocs web no estan investigats, monitoritzats ni verificats per nosaltres quant a la seva exactitud o integritat. 5. Exclusi\u00f3 de ResponsabilitatEn cap cas Eduard Mart\u00ednez Mart\u00ednez ser\u00e0 responsable davant qualsevol usuari per qualsevol dany, p\u00e8rdua, reclamaci\u00f3 o cost incl\u00f2s, sense limitaci\u00f3, les p\u00e8rdues de beneficis, les p\u00e8rdues indirectes o les p\u00e8rdues conseq\u00fcents, o qualsevol dany resultant de la p\u00e8rdua de dades o interrupci\u00f3 del negoci, derivat de l&#8217;\u00fas o la impossibilitat d&#8217;usar aquest Lloc Web o qualsevol enlla\u00e7 de tercers, o qualsevol contingut publicat en el Lloc Web o qualsevol lloc web vinculat, ja sigui per garantia, contracte, delicte, responsabilitat estricta o d&#8217;altre tipus, encara que Eduard Mart\u00ednez Mart\u00ednez hagi estat advertit de la possibilitat d&#8217;aquests danys. 6. **Modificaci\u00f3**Eduard Mart\u00ednez Mart\u00ednez es reserva el dret de modificar els termes i condicions del Desc\u00e0rrec a la seva discreci\u00f3 i sense av\u00eds previ. Els canvis en el Desc\u00e0rrec entraran en vigor quan es publiquin en el Lloc Web. Data de l&#8217;\u00faltima actualitzaci\u00f3: 05\/07\/2023<\/p>","protected":false},"author":1,"featured_media":0,"parent":0,"menu_order":0,"comment_status":"closed","ping_status":"closed","template":"elementor_header_footer","meta":{"footnotes":""},"class_list":["post-1114","page","type-page","status-publish","hentry"],"_links":{"self":[{"href":"https:\/\/espaipractic.com\/es\/wp-json\/wp\/v2\/pages\/1114","targetHints":{"allow":["GET"]}}],"collection":[{"href":"https:\/\/espaipractic.com\/es\/wp-json\/wp\/v2\/pages"}],"about":[{"href":"https:\/\/espaipractic.com\/es\/wp-json\/wp\/v2\/types\/page"}],"author":[{"embeddable":true,"href":"https:\/\/espaipractic.com\/es\/wp-json\/wp\/v2\/users\/1"}],"replies":[{"embeddable":true,"href":"https:\/\/espaipractic.com\/es\/wp-json\/wp\/v2\/comments?post=1114"}],"version-history":[{"count":0,"href":"https:\/\/espaipractic.com\/es\/wp-json\/wp\/v2\/pages\/1114\/revisions"}],"wp:attachment":[{"href":"https:\/\/espaipractic.com\/es\/wp-json\/wp\/v2\/media?parent=1114"}],"curies":[{"name":"wp","href":"https:\/\/api.w.org\/{rel}","templated":true}]}}