{"id":1114,"date":"2023-07-05T07:59:30","date_gmt":"2023-07-05T07:59:30","guid":{"rendered":"http:\/\/espaipractic.com\/?page_id=1114"},"modified":"2023-08-16T09:16:53","modified_gmt":"2023-08-16T09:16:53","slug":"descarga-responsabilitat","status":"publish","type":"page","link":"https:\/\/espaipractic.com\/en\/descarga-responsabilitat\/","title":{"rendered":"Discharge of responsibility"},"content":{"rendered":"<div data-elementor-type=\"wp-page\" data-elementor-id=\"1114\" class=\"elementor elementor-1114\" data-elementor-post-type=\"page\">\n\t\t\t\t<div class=\"elementor-element elementor-element-25ae230a e-flex e-con-boxed wpr-particle-no wpr-jarallax-no wpr-parallax-no wpr-sticky-section-no wpr-equal-height-no e-con e-parent\" data-id=\"25ae230a\" data-element_type=\"container\" data-e-type=\"container\">\n\t\t\t\t\t<div class=\"e-con-inner\">\n\t\t<div class=\"elementor-element elementor-element-4d1bf6c3 e-con-full e-flex wpr-particle-no wpr-jarallax-no wpr-parallax-no wpr-sticky-section-no wpr-equal-height-no e-con e-child\" data-id=\"4d1bf6c3\" data-element_type=\"container\" data-e-type=\"container\">\n\t\t\t\t<div class=\"elementor-element elementor-element-41ca972 elementor-widget elementor-widget-heading\" data-id=\"41ca972\" data-element_type=\"widget\" data-e-type=\"widget\" data-widget_type=\"heading.default\">\n\t\t\t\t<div class=\"elementor-widget-container\">\n\t\t\t\t\t<h2 class=\"elementor-heading-title elementor-size-default\">DISCHARGE OF RESPONSIBILITY<\/h2>\t\t\t\t<\/div>\n\t\t\t\t<\/div>\n\t\t\t\t<div class=\"elementor-element elementor-element-b002af9 elementor-widget elementor-widget-text-editor\" data-id=\"b002af9\" data-element_type=\"widget\" data-e-type=\"widget\" data-widget_type=\"text-editor.default\">\n\t\t\t\t<div class=\"elementor-widget-container\">\n\t\t\t\t\t\t\t\t\t<p><strong>1. General Information<br \/><\/strong><br \/>This disclaimer (henceforth, the \u201cDisclaimer\u201d) applies to the website www.espaipractic.com (henceforth, \u201cthe Website\u201d) owned by<strong>Eduard Mart\u00ednez Mart\u00ednez<\/strong>, with NIF <strong>40463242D<\/strong>, address c\/la Creu 9, 17490 Llan\u00e7\u00e0 (Girona), contact email: hola@espaipractic.com, and mobile number:<strong> 623 457 369<\/strong>.<\/p><p><strong>2. Content of the Website<br \/><\/strong><br \/>The information provided on the Website is provided for general informational and educational purposes only. Although every effort is made to ensure that the information provided on this Website is accurate, the information may become outdated or may contain errors or inaccuracies. <strong>Eduard Mart\u00ednez Mart\u00ednez<\/strong> assumes no responsibility for any error or omission in the content of this Website.<\/p><p><strong>3. Professional advice<br \/><\/strong><br \/>The information provided on the Website is not intended to replace professional advice. Users of the Website should not act or refrain from acting based on the information on the Website without seeking professional advice.<\/p><p><strong>4. Links to Third Party Websites<br \/><\/strong><br \/>This Website may contain links to third party websites. <strong>Eduard Mart\u00ednez Mart\u00ednez<\/strong> assumes no responsibility for the content, accuracy or opinions expressed on these websites, and these websites are not investigated, monitored or verified by us for their accuracy or completeness.<\/p><p><strong>5. Exclusion of Liability<br \/><\/strong><br \/>In no case <strong>Eduard Mart\u00ednez Mart\u00ednez<\/strong> shall be liable to any user for any damages, losses, claims or costs including, without limitation, lost profits, indirect losses or consequential losses, or any damages resulting from loss of data or business interruption, resulting from the use or inability to use this Website or any third-party link, or any content published on the Website or any linked website, whether by warranty, contract, tort, strict liability or otherwise, although <strong>Eduard Mart\u00ednez Mart\u00ednez<\/strong> has been warned of the possibility of such damages.<\/p><p><strong>6. **Modification**<br \/><\/strong><br \/><strong>Eduard Mart\u00ednez Mart\u00ednez<\/strong> reserves the right to modify the terms and conditions of the Download at its discretion and without prior notice. Changes to the Download will take effect when they are posted on the Website.<\/p><p>Date of last update: <strong>05\/07\/2023<\/strong><\/p>\t\t\t\t\t\t\t\t<\/div>\n\t\t\t\t<\/div>\n\t\t\t\t<\/div>\n\t\t\t\t\t<\/div>\n\t\t\t\t<\/div>\n\t\t\t\t<\/div>","protected":false},"excerpt":{"rendered":"<p>DESC\u00c0RREGA DE RESPONSABILITAT 1. Informaci\u00f3 GeneralEl present desc\u00e0rrec de responsabilitat (d&#8217;ara endavant, el &#8220;Desc\u00e0rrec&#8221;) aplica per al lloc web www.espaipractic.com (d&#8217;ara endavant, &#8220;el Lloc Web&#8221;) propietat d&#8216;Eduard Mart\u00ednez Mart\u00ednez, amb NIF 40463242D, adre\u00e7a c\/la Creu 9, 17490 Llan\u00e7\u00e0 (Girona), correu electr\u00f2nic de contacte: hola@espaipractic.com, i n\u00famero de m\u00f2bil: 623 457 369. 2. Contingut del Lloc WebLa informaci\u00f3 proporcionada en el Lloc Web s&#8217;ofereix nom\u00e9s amb fins informatius i educatius generals. Encara que es fa tot el possible per garantir que la informaci\u00f3 proporcionada en aquest Lloc Web sigui precisa, la informaci\u00f3 pot esdevenir obsoleta o pot contenir errors o imprecisions. Eduard Mart\u00ednez Mart\u00ednez no assumeix cap responsabilitat per qualsevol error o omissi\u00f3 en el contingut d&#8217;aquest Lloc Web. 3. Assessorament ProfessionalLa informaci\u00f3 proporcionada en el Lloc Web no pret\u00e9n reempla\u00e7ar l&#8217;assessorament professional. Els usuaris del Lloc Web no han d&#8217;actuar o abstenir-se d&#8217;actuar basant-se en la informaci\u00f3 del Lloc Web sense buscar assessorament professional. 4. Enlla\u00e7os a Llocs Web de TercersAquest Lloc Web pot contenir enlla\u00e7os a llocs web de tercers. Eduard Mart\u00ednez Mart\u00ednez no assumeix responsabilitat pel contingut, la precisi\u00f3 o les opinions expressades en aquests llocs web, i aquests llocs web no estan investigats, monitoritzats ni verificats per nosaltres quant a la seva exactitud o integritat. 5. Exclusi\u00f3 de ResponsabilitatEn cap cas Eduard Mart\u00ednez Mart\u00ednez ser\u00e0 responsable davant qualsevol usuari per qualsevol dany, p\u00e8rdua, reclamaci\u00f3 o cost incl\u00f2s, sense limitaci\u00f3, les p\u00e8rdues de beneficis, les p\u00e8rdues indirectes o les p\u00e8rdues conseq\u00fcents, o qualsevol dany resultant de la p\u00e8rdua de dades o interrupci\u00f3 del negoci, derivat de l&#8217;\u00fas o la impossibilitat d&#8217;usar aquest Lloc Web o qualsevol enlla\u00e7 de tercers, o qualsevol contingut publicat en el Lloc Web o qualsevol lloc web vinculat, ja sigui per garantia, contracte, delicte, responsabilitat estricta o d&#8217;altre tipus, encara que Eduard Mart\u00ednez Mart\u00ednez hagi estat advertit de la possibilitat d&#8217;aquests danys. 6. **Modificaci\u00f3**Eduard Mart\u00ednez Mart\u00ednez es reserva el dret de modificar els termes i condicions del Desc\u00e0rrec a la seva discreci\u00f3 i sense av\u00eds previ. Els canvis en el Desc\u00e0rrec entraran en vigor quan es publiquin en el Lloc Web. Data de l&#8217;\u00faltima actualitzaci\u00f3: 05\/07\/2023<\/p>","protected":false},"author":1,"featured_media":0,"parent":0,"menu_order":0,"comment_status":"closed","ping_status":"closed","template":"elementor_header_footer","meta":{"footnotes":""},"class_list":["post-1114","page","type-page","status-publish","hentry"],"_links":{"self":[{"href":"https:\/\/espaipractic.com\/en\/wp-json\/wp\/v2\/pages\/1114","targetHints":{"allow":["GET"]}}],"collection":[{"href":"https:\/\/espaipractic.com\/en\/wp-json\/wp\/v2\/pages"}],"about":[{"href":"https:\/\/espaipractic.com\/en\/wp-json\/wp\/v2\/types\/page"}],"author":[{"embeddable":true,"href":"https:\/\/espaipractic.com\/en\/wp-json\/wp\/v2\/users\/1"}],"replies":[{"embeddable":true,"href":"https:\/\/espaipractic.com\/en\/wp-json\/wp\/v2\/comments?post=1114"}],"version-history":[{"count":0,"href":"https:\/\/espaipractic.com\/en\/wp-json\/wp\/v2\/pages\/1114\/revisions"}],"wp:attachment":[{"href":"https:\/\/espaipractic.com\/en\/wp-json\/wp\/v2\/media?parent=1114"}],"curies":[{"name":"wp","href":"https:\/\/api.w.org\/{rel}","templated":true}]}}