{"id":1097,"date":"2023-07-04T15:43:39","date_gmt":"2023-07-04T15:43:39","guid":{"rendered":"http:\/\/espaipractic.com\/?page_id=1097"},"modified":"2023-08-16T09:16:58","modified_gmt":"2023-08-16T09:16:58","slug":"avis-legal","status":"publish","type":"page","link":"https:\/\/espaipractic.com\/en\/avis-legal\/","title":{"rendered":"Legal warning"},"content":{"rendered":"<div data-elementor-type=\"wp-page\" data-elementor-id=\"1097\" class=\"elementor elementor-1097\" data-elementor-post-type=\"page\">\n\t\t\t\t<div class=\"elementor-element elementor-element-d6b6d9f e-flex e-con-boxed wpr-particle-no wpr-jarallax-no wpr-parallax-no wpr-sticky-section-no wpr-equal-height-no e-con e-parent\" data-id=\"d6b6d9f\" data-element_type=\"container\" data-e-type=\"container\">\n\t\t\t\t\t<div class=\"e-con-inner\">\n\t\t\t\t<div class=\"elementor-element elementor-element-048685d elementor-widget elementor-widget-heading\" data-id=\"048685d\" data-element_type=\"widget\" data-e-type=\"widget\" data-widget_type=\"heading.default\">\n\t\t\t\t<div class=\"elementor-widget-container\">\n\t\t\t\t\t<h2 class=\"elementor-heading-title elementor-size-default\">Legal warning<\/h2>\t\t\t\t<\/div>\n\t\t\t\t<\/div>\n\t\t\t\t<div class=\"elementor-element elementor-element-2a8cb6d elementor-widget elementor-widget-text-editor\" data-id=\"2a8cb6d\" data-element_type=\"widget\" data-e-type=\"widget\" data-widget_type=\"text-editor.default\">\n\t\t\t\t<div class=\"elementor-widget-container\">\n\t\t\t\t\t\t\t\t\t<p>This legal notice (henceforth, the &quot;Legal Notice&quot;) regulates the use of the website www.espaipractic.com (henceforth, &quot;the Website&quot;) of<b>Eduard Mart\u00ednez Mart\u00ednez<\/b>, with NIF 40463242D, address c\/la Creu 9, 17490 Llan\u00e7\u00e0 (Girona), contact email: hola@espaipractic.com, and mobile number: 623 457 369.<\/p><p>\u00a0<\/p><p><strong>**LEGISLATION**<\/strong><\/p><p>\u00a0<\/p><p>In general, the relationships between <b>Eduard Mart\u00ednez Mart\u00ednez<\/b> with the Users of its telematic services, present on this Website, are subject to Spanish legislation and jurisdiction.<\/p><p>\u00a0<\/p><p><strong>**USER USE AND ACCESS**<\/strong><\/p><p>\u00a0<\/p><p>The User is informed, and accepts, that access to this website does not imply, in any case, the beginning of a commercial relationship with <b>Eduard Mart\u00ednez Mart\u00ednez<\/b>.<\/p><p>\u00a0<\/p><p><strong>**INTELLECTUAL AND INDUSTRIAL PROPERTY**<\/strong><\/p><p>\u00a0<\/p><p>The intellectual property rights of the content of the web pages, their graphic design and codes are owned by<b>Eduard Mart\u00ednez Mart\u00ednez<\/b> and, therefore, its reproduction, distribution, public communication, transformation or any other activity that can be carried out with the contents of its web pages is prohibited, even citing the sources, except with the written consent of<b>Eduard Mart\u00ednez Mart\u00ednez<\/b>.<\/p><p>\u00a0<\/p><p><strong>**WEBSITE CONTENT AND LINKS**<\/strong><\/p><p>\u00a0<\/p><p><b>Eduard Mart\u00ednez Mart\u00ednez<\/b> reserves the right to update, modify or delete the information contained in its web pages and may even limit or deny access to this information to certain users.<\/p><p>\u00a0<\/p><p><b>Eduard Mart\u00ednez Mart\u00ednez<\/b> does not assume any responsibility for the information contained in third-party web pages that can be accessed by &quot;links&quot; or links from any web page owned by<b>Eduard Mart\u00ednez Mart\u00ednez<\/b>. The presence of &quot;links&quot; on the web pages of<b>Eduard Mart\u00ednez Mart\u00ednez<\/b> it has a purely informative purpose and in no case constitutes a suggestion, invitation or recommendation about them.<\/p><p>\u00a0<\/p><p><strong>**PRIVACY POLICY**<\/strong><\/p><p>\u00a0<\/p><p>For more details on how <b>Eduard Mart\u00ednez Mart\u00ednez<\/b> collect, use and protect your personal data, consult our Privacy Policy.<\/p><p>\u00a0<\/p><p><strong>**COOKIE POLICY**<\/strong><\/p><p>\u00a0<\/p><p>For more details on how <b>Eduard Mart\u00ednez Mart\u00ednez<\/b> uses cookies, consult our Cookies Policy.<\/p><p>\u00a0<\/p><p><strong>**CONTACT INFORMATION**<\/strong><\/p><p>\u00a0<\/p><p>For any clarification on these legal conditions, you can contact us at the email address <strong>hola@espaipractic.com<\/strong>.<\/p><p>\u00a0<\/p><p>Date of last update: <strong>04\/07\/2023<\/strong><\/p>\t\t\t\t\t\t\t\t<\/div>\n\t\t\t\t<\/div>\n\t\t\t\t\t<\/div>\n\t\t\t\t<\/div>\n\t\t\t\t<\/div>","protected":false},"excerpt":{"rendered":"<p>Av\u00eds legal El present av\u00eds legal (d&#8217;ara endavant, l&#8217;&#8221;Av\u00eds Legal&#8221;) regula l&#8217;\u00fas del lloc web www.espaipractic.com (d&#8217;ara endavant, &#8220;el Lloc Web&#8221;) d&#8217;Eduard Mart\u00ednez Mart\u00ednez, amb NIF 40463242D, adre\u00e7a c\/la Creu 9, 17490 Llan\u00e7\u00e0 (Girona), correu electr\u00f2nic de contacte: hola@espaipractic.com, i n\u00famero de m\u00f2bil: 623 457 369. \u00a0 **LEGISLACI\u00d3** \u00a0 Amb car\u00e0cter general les relacions entre Eduard Mart\u00ednez Mart\u00ednez amb els Usuaris dels seus serveis telem\u00e0tics, presents en aquest Lloc Web, es troben sotmeses a la legislaci\u00f3 i jurisdicci\u00f3 espanyoles. \u00a0 **\u00daS I ACC\u00c9S D&#8217;USUARIS** \u00a0 L&#8217;Usuari queda informat, i accepta, que l&#8217;acc\u00e9s a la present web no suposa, en cap cas, l&#8217;inici d&#8217;una relaci\u00f3 comercial amb Eduard Mart\u00ednez Mart\u00ednez. \u00a0 **PROPIETAT INTEL\u00b7LECTUAL I INDUSTRIAL** \u00a0 Els drets de propietat intel\u00b7lectual del contingut de les p\u00e0gines web, el seu disseny gr\u00e0fic i codis s\u00f3n titularitat d&#8217;Eduard Mart\u00ednez Mart\u00ednez i, per tant, queda prohibida la seva reproducci\u00f3, distribuci\u00f3, comunicaci\u00f3 p\u00fablica, transformaci\u00f3 o qualsevol altra activitat que es pugui realitzar amb els continguts de les seves p\u00e0gines web ni encara citant les fonts, excepte consentiment per escrit d&#8217;Eduard Mart\u00ednez Mart\u00ednez. \u00a0 **CONTINGUT DE LA WEB I ENLLA\u00c7OS (LINKS)** \u00a0 Eduard Mart\u00ednez Mart\u00ednez es reserva el dret a actualitzar, modificar o eliminar la informaci\u00f3 continguda en les seves p\u00e0gines web podent incl\u00fas limitar o no permetre l&#8217;acc\u00e9s a aquesta informaci\u00f3 a certs usuaris. \u00a0 Eduard Mart\u00ednez Mart\u00ednez no assumeix responsabilitat alguna per la informaci\u00f3 continguda en p\u00e0gines web de tercers a les que es pugui accedir per &#8220;links&#8221; o enlla\u00e7os des de qualsevol p\u00e0gina web propietat d&#8217;Eduard Mart\u00ednez Mart\u00ednez. La pres\u00e8ncia de &#8220;links&#8221; o enlla\u00e7os en les p\u00e0gines web d&#8217;Eduard Mart\u00ednez Mart\u00ednez t\u00e9 finalitat merament informativa i en cap cas suposa suggeriment, invitaci\u00f3 o recomanaci\u00f3 sobre els mateixos. \u00a0 **POL\u00cdTICA DE PRIVACITAT** \u00a0 Per a m\u00e9s detalls sobre com Eduard Mart\u00ednez Mart\u00ednez recopila, utilitza i protegeix les seves dades personals, consulti la nostra Pol\u00edtica de Privacitat. \u00a0 **POL\u00cdTICA DE COOKIES** \u00a0 Per a m\u00e9s detalls sobre com Eduard Mart\u00ednez Mart\u00ednez utilitza les cookies, consulti la nostra Pol\u00edtica de Cookies. \u00a0 **INFORMACI\u00d3 DE CONTACTE** \u00a0 Per a qualsevol aclariment sobre aquestes condicions legals, pot posar-se\u00a0en contacte amb nosaltres a l&#8217;adre\u00e7a de correu electr\u00f2nic hola@espaipractic.com. \u00a0 Data de l&#8217;\u00faltima actualitzaci\u00f3: 04\/07\/2023<\/p>","protected":false},"author":1,"featured_media":0,"parent":0,"menu_order":0,"comment_status":"closed","ping_status":"closed","template":"elementor_header_footer","meta":{"footnotes":""},"class_list":["post-1097","page","type-page","status-publish","hentry"],"_links":{"self":[{"href":"https:\/\/espaipractic.com\/en\/wp-json\/wp\/v2\/pages\/1097","targetHints":{"allow":["GET"]}}],"collection":[{"href":"https:\/\/espaipractic.com\/en\/wp-json\/wp\/v2\/pages"}],"about":[{"href":"https:\/\/espaipractic.com\/en\/wp-json\/wp\/v2\/types\/page"}],"author":[{"embeddable":true,"href":"https:\/\/espaipractic.com\/en\/wp-json\/wp\/v2\/users\/1"}],"replies":[{"embeddable":true,"href":"https:\/\/espaipractic.com\/en\/wp-json\/wp\/v2\/comments?post=1097"}],"version-history":[{"count":0,"href":"https:\/\/espaipractic.com\/en\/wp-json\/wp\/v2\/pages\/1097\/revisions"}],"wp:attachment":[{"href":"https:\/\/espaipractic.com\/en\/wp-json\/wp\/v2\/media?parent=1097"}],"curies":[{"name":"wp","href":"https:\/\/api.w.org\/{rel}","templated":true}]}}